{"id":5947,"date":"2016-05-02T22:51:16","date_gmt":"2016-05-02T21:51:16","guid":{"rendered":"https:\/\/accesresidences.com\/en\/carrieres\/"},"modified":"2026-01-15T07:33:36","modified_gmt":"2026-01-15T12:33:36","slug":"careers","status":"publish","type":"page","link":"https:\/\/accesresidences.com\/en\/careers\/","title":{"rendered":"Careers"},"content":{"rendered":"\t\t<div data-elementor-type=\"wp-page\" data-elementor-id=\"5947\" class=\"elementor elementor-5947 elementor-543\" data-elementor-post-type=\"page\">\n\t\t\t\t<div class=\"elementor-element elementor-element-d34e87a e-con-full e-flex e-con e-parent\" data-id=\"d34e87a\" data-element_type=\"container\" data-settings=\"{&quot;background_background&quot;:&quot;classic&quot;}\">\n\t\t<div class=\"elementor-element elementor-element-a935973 e-con-full e-flex e-con e-child\" data-id=\"a935973\" data-element_type=\"container\">\n\t\t<div class=\"elementor-element elementor-element-7f94600 e-con-full e-flex e-con e-child\" data-id=\"7f94600\" data-element_type=\"container\">\n\t\t\t\t<div class=\"elementor-element elementor-element-e4f0fe6 elementor-invisible elementor-widget elementor-widget-heading\" data-id=\"e4f0fe6\" data-element_type=\"widget\" data-settings=\"{&quot;_animation&quot;:&quot;fadeIn&quot;}\" data-widget_type=\"heading.default\">\n\t\t\t\t\t<h2 class=\"elementor-heading-title elementor-size-default\">Careers<\/h2>\t\t\t\t<\/div>\n\t\t\t\t<div class=\"elementor-element elementor-element-c645dab elementor-invisible elementor-widget elementor-widget-heading\" data-id=\"c645dab\" data-element_type=\"widget\" data-settings=\"{&quot;_animation&quot;:&quot;fadeInUp&quot;}\" data-widget_type=\"heading.default\">\n\t\t\t\t\t<h1 class=\"elementor-heading-title elementor-size-default\">YOU WISH TO BE\nPART OF OUR TEAM ?<\/h1>\t\t\t\t<\/div>\n\t\t\t\t<\/div>\n\t\t\t\t<\/div>\n\t\t<div class=\"elementor-element elementor-element-48ea08d e-con-full elementor-hidden-mobile e-flex e-con e-child\" data-id=\"48ea08d\" data-element_type=\"container\" data-settings=\"{&quot;background_background&quot;:&quot;classic&quot;}\">\n\t\t\t\t<\/div>\n\t\t\t\t<\/div>\n\t\t<div class=\"elementor-element elementor-element-dd73930 e-flex e-con-boxed e-con e-parent\" data-id=\"dd73930\" data-element_type=\"container\">\n\t\t\t\t\t<div class=\"e-con-inner\">\n\t\t<div class=\"elementor-element elementor-element-7ba06bb e-con-full rect-blue-2 e-flex e-con e-child\" data-id=\"7ba06bb\" data-element_type=\"container\" data-settings=\"{&quot;background_background&quot;:&quot;classic&quot;}\">\n\t\t<div class=\"elementor-element elementor-element-14e2216 e-con-full e-flex e-con e-child\" data-id=\"14e2216\" data-element_type=\"container\">\n\t\t\t\t<div class=\"elementor-element elementor-element-da7cb56 elementor-widget elementor-widget-text-editor\" data-id=\"da7cb56\" data-element_type=\"widget\" data-widget_type=\"text-editor.default\">\n\t\t\t\t\t\t\t\t\t<p>Acc\u00e8s R\u00e9sidences has a team of <strong style=\"color: #fff; font-weight: 800;\">passionate<\/strong> advisors who are dedicated to the <strong style=\"color: #fff; font-weight: 800;\">well-being<\/strong> of our Seniors!<\/p>\t\t\t\t\t\t\t\t<\/div>\n\t\t\t\t<div class=\"elementor-element elementor-element-c9ac952 elementor-widget elementor-widget-text-editor\" data-id=\"c9ac952\" data-element_type=\"widget\" data-widget_type=\"text-editor.default\">\n\t\t\t\t\t\t\t\t\t<p>As we are always searching for new advisors in different areas of Quebec, we invite you to fill out the form below and submit it along with your cv.<\/p>\t\t\t\t\t\t\t\t<\/div>\n\t\t\t\t<\/div>\n\t\t\t\t<\/div>\n\t\t\t\t\t<\/div>\n\t\t\t\t<\/div>\n\t\t<div class=\"elementor-element elementor-element-fef05f3 e-con-full e-flex e-con e-parent\" data-id=\"fef05f3\" data-element_type=\"container\">\n\t\t<div class=\"elementor-element elementor-element-fe506d7 e-con-full e-flex e-con e-child\" data-id=\"fe506d7\" data-element_type=\"container\">\n\t\t<div class=\"elementor-element elementor-element-25fd224 e-con-full e-flex e-con e-child\" data-id=\"25fd224\" data-element_type=\"container\">\n\t\t\t\t<div class=\"elementor-element elementor-element-601d977 elementor-widget elementor-widget-image\" data-id=\"601d977\" data-element_type=\"widget\" data-widget_type=\"image.default\">\n\t\t\t\t\t\t\t\t\t\t\t\t\t\t\t<img loading=\"lazy\" decoding=\"async\" width=\"1600\" height=\"1052\" src=\"https:\/\/accesresidences.com\/wp-content\/uploads\/2026\/01\/Pub-Recrutement-Acces-Residences-03.jpg\" class=\"attachment-large size-large wp-image-30954\" alt=\"\" srcset=\"https:\/\/accesresidences.com\/wp-content\/uploads\/2026\/01\/Pub-Recrutement-Acces-Residences-03.jpg 1600w, https:\/\/accesresidences.com\/wp-content\/uploads\/2026\/01\/Pub-Recrutement-Acces-Residences-03-1536x1010.jpg 1536w\" sizes=\"auto, (max-width: 1600px) 100vw, 1600px\">\t\t\t\t\t\t\t\t\t\t\t\t\t\t\t<\/div>\n\t\t\t\t<div class=\"elementor-element elementor-element-937d75a elementor-widget elementor-widget-heading\" data-id=\"937d75a\" data-element_type=\"widget\" data-widget_type=\"heading.default\">\n\t\t\t\t\t<h2 class=\"elementor-heading-title elementor-size-default\">Poste : Conseiller en h\u00e9bergement- Ventes<\/h2>\t\t\t\t<\/div>\n\t\t<div class=\"elementor-element elementor-element-27ef71a e-con-full e-flex e-con e-child\" data-id=\"27ef71a\" data-element_type=\"container\">\n\t\t\t\t<div class=\"elementor-element elementor-element-5ddbe9d elementor-widget elementor-widget-text-editor\" data-id=\"5ddbe9d\" data-element_type=\"widget\" data-widget_type=\"text-editor.default\">\n\t\t\t\t\t\t\t\t\t<p>Horaire Flexible<\/p><p>R\u00e9mun\u00e9ration : Commissions<\/p><p>Conseiller(\u00e8re) en H\u00e9bergement<br \/>Le r\u00f4le d\u2019un Conseiller en h\u00e9bergement chez ACC\u00c8S R\u00c9SIDENCES consiste \u00e0 trouver un nouveau milieu de vie pour l\u2019a\u00een\u00e9 dans un environnement s\u00e9curitaire qui r\u00e9pondra \u00e0 ses besoins actuels et futurs.<\/p><ul><li>Accompagner les clients dans la d\u00e9marche de recherche de r\u00e9sidence<br \/>Recevoir les demandes des clients;<\/li><li>Bien cerner les besoins de l\u2019a\u00een\u00e9 en collaboration avec la famille et le R\u00e9seau de la sant\u00e9 si n\u00e9cessaire;<\/li><li>Ouvrir le dossier du client en prenant en note les renseignements n\u00e9cessaires dans le logiciel de vente;<\/li><li>Effectuer les recherches et recommander la r\u00e9sidence qui convient le mieux aux besoins de l\u2019a\u00een\u00e9;<\/li><li>Coordonner les rendez-vous avec les clients et les r\u00e9sidences;<\/li><li>Accompagner les clients tout au long du processus de recherche jusqu\u2019\u00e0 la signature du bail;<\/li><li>Effectuer un suivi avec le client;<\/li><li>Donner un compte rendu aupr\u00e8s du centre d\u2019influence (personne qui a r\u00e9f\u00e9r\u00e9 le client);<\/li><li>Entrer les informations de suivi dans le logiciel client<\/li><\/ul><p>\u00c9valuation des r\u00e9sidences<\/p><ul><li>Conna\u00eetre le portefeuille de r\u00e9sidences dans le secteur desservie;<\/li><li>Faire une \u00e9valuation p\u00e9riodique des r\u00e9sidences;<\/li><li>Mettre \u00e0 jour les informations;<\/li><li>D\u00e9velopper de solides relations d\u2019affaires avec les personnes cl\u00e9s des r\u00e9sidences.<\/li><\/ul><p>Centre d\u2019Influence<\/p><ul><li>D\u00e9velopper et maintenir des liens avec le R\u00e9seau de la Sant\u00e9 (CLSC, H\u00f4pitaux, R\u00e9sidences);<\/li><li>Communiquer avec eux sur une base r\u00e9guli\u00e8re;<\/li><li>Compiler les coordonn\u00e9es dans le logiciel de vente.<\/li><\/ul><p>Comp\u00e9tences et exigences<\/p><ul><li>Exp\u00e9rience dans le domaine de la vente (dans le milieu des r\u00e9sidences pour a\u00een\u00e9s ou en immobilier, un atout);<\/li><li>Approche ax\u00e9e sur le service \u00e0 la client\u00e8le;<\/li><li>Exp\u00e9rience en g\u00e9rontologie un atout;<\/li><li>En tant que travailleur autonome, la personne doit pouvoir \u00eatre \u00e0 l\u2019aise avec le plan de r\u00e9mun\u00e9ration qui est bas\u00e9e que sur ses placements \u00e9tablis;<\/li><li>Faire de l\u2019\u00e9coute active;<\/li><li>Esprit d\u2019\u00e9quipe, sens d\u2019adaptation et sens de l\u2019initiative, bon jugement;<\/li><li>Bon sens de l\u2019organisation;<\/li><li>Permis de conduire valide et poss\u00e9der une voiture.<\/li><\/ul>\t\t\t\t\t\t\t\t<\/div>\n\t\t\t\t<\/div>\n\t\t\t\t<\/div>\n\t\t\t\t<\/div>\n\t\t<div class=\"elementor-element elementor-element-318c989 e-con-full e-flex e-con e-child\" data-id=\"318c989\" data-element_type=\"container\" data-settings=\"{&quot;background_background&quot;:&quot;classic&quot;,&quot;sticky&quot;:&quot;top&quot;,&quot;sticky_on&quot;:[&quot;widescreen&quot;,&quot;desktop&quot;,&quot;laptop&quot;,&quot;tablet_extra&quot;],&quot;sticky_offset&quot;:150,&quot;sticky_parent&quot;:&quot;yes&quot;,&quot;sticky_effects_offset&quot;:0,&quot;sticky_anchor_link_offset&quot;:0}\">\n\t\t<div class=\"elementor-element elementor-element-2b9c468 e-con-full e-flex e-con e-child\" data-id=\"2b9c468\" data-element_type=\"container\" data-settings=\"{&quot;background_background&quot;:&quot;classic&quot;}\">\n\t\t<div class=\"elementor-element elementor-element-b4f7e15 e-con-full e-flex e-con e-child\" data-id=\"b4f7e15\" data-element_type=\"container\">\n\t\t\t\t<div class=\"elementor-element elementor-element-28c1356 elementor-widget elementor-widget-image\" data-id=\"28c1356\" data-element_type=\"widget\" data-widget_type=\"image.default\">\n\t\t\t\t\t\t\t\t\t\t\t\t\t\t\t<img loading=\"lazy\" decoding=\"async\" width=\"63\" height=\"84\" src=\"https:\/\/accesresidences.com\/wp-content\/uploads\/2025\/09\/icone.png\" class=\"attachment-large size-large wp-image-26660\" alt=\"\">\t\t\t\t\t\t\t\t\t\t\t\t\t\t\t<\/div>\n\t\t\t\t<div class=\"elementor-element elementor-element-fc165e9 elementor-widget elementor-widget-heading\" data-id=\"fc165e9\" data-element_type=\"widget\" data-widget_type=\"heading.default\">\n\t\t\t\t\t<h2 class=\"elementor-heading-title elementor-size-default\">Join<br>\nOur team.<\/h2>\t\t\t\t<\/div>\n\t\t<div class=\"elementor-element elementor-element-0d4e60e e-con-full form-container e-flex e-con e-child\" data-id=\"0d4e60e\" data-element_type=\"container\">\n\t\t\t\t<div class=\"elementor-element elementor-element-b3d3628 elementor-widget elementor-widget-shortcode\" data-id=\"b3d3628\" data-element_type=\"widget\" data-widget_type=\"shortcode.default\">\n\t\t\t\t\t\t\t<div class=\"elementor-shortcode\"><script>\nvar gform;gform||(document.addEventListener(\"gform_main_scripts_loaded\",function(){gform.scriptsLoaded=!0}),document.addEventListener(\"gform\/theme\/scripts_loaded\",function(){gform.themeScriptsLoaded=!0}),window.addEventListener(\"DOMContentLoaded\",function(){gform.domLoaded=!0}),gform={domLoaded:!1,scriptsLoaded:!1,themeScriptsLoaded:!1,isFormEditor:()=>\"function\"==typeof InitializeEditor,callIfLoaded:function(o){return!(!gform.domLoaded||!gform.scriptsLoaded||!gform.themeScriptsLoaded&&!gform.isFormEditor()||(gform.isFormEditor()&&console.warn(\"The use of gform.initializeOnLoaded() is deprecated in the form editor context and will be removed in Gravity Forms 3.1.\"),o(),0))},initializeOnLoaded:function(o){gform.callIfLoaded(o)||(document.addEventListener(\"gform_main_scripts_loaded\",()=>{gform.scriptsLoaded=!0,gform.callIfLoaded(o)}),document.addEventListener(\"gform\/theme\/scripts_loaded\",()=>{gform.themeScriptsLoaded=!0,gform.callIfLoaded(o)}),window.addEventListener(\"DOMContentLoaded\",()=>{gform.domLoaded=!0,gform.callIfLoaded(o)}))},hooks:{action:{},filter:{}},addAction:function(o,r,e,t){gform.addHook(\"action\",o,r,e,t)},addFilter:function(o,r,e,t){gform.addHook(\"filter\",o,r,e,t)},doAction:function(o){gform.doHook(\"action\",o,arguments)},applyFilters:function(o){return gform.doHook(\"filter\",o,arguments)},removeAction:function(o,r){gform.removeHook(\"action\",o,r)},removeFilter:function(o,r,e){gform.removeHook(\"filter\",o,r,e)},addHook:function(o,r,e,t,n){null==gform.hooks[o][r]&&(gform.hooks[o][r]=[]);var d=gform.hooks[o][r];null==n&&(n=r+\"_\"+d.length),gform.hooks[o][r].push({tag:n,callable:e,priority:t=null==t?10:t})},doHook:function(r,o,e){var t;if(e=Array.prototype.slice.call(e,1),null!=gform.hooks[r][o]&&((o=gform.hooks[r][o]).sort(function(o,r){return o.priority-r.priority}),o.forEach(function(o){\"function\"!=typeof(t=o.callable)&&(t=window[t]),\"action\"==r?t.apply(null,e):e[0]=t.apply(null,e)})),\"filter\"==r)return e[0]},removeHook:function(o,r,t,n){var e;null!=gform.hooks[o][r]&&(e=(e=gform.hooks[o][r]).filter(function(o,r,e){return!!(null!=n&&n!=o.tag||null!=t&&t!=o.priority)}),gform.hooks[o][r]=e)}});\n<\/script>\n\n                <div class='gf_browser_gecko gform_wrapper gform_legacy_markup_wrapper gform-theme--no-framework' data-form-theme='legacy' data-form-index='0' id='gform_wrapper_6' >\n                        <div class='gform_heading'>\n                            <h3 class=\"gform_title\">Candidature - EN<\/h3>\n                            <p class='gform_description'><\/p>\n                        <\/div><form method='post' enctype='multipart\/form-data'  id='gform_6'  action='\/en\/wp-json\/wp\/v2\/pages\/5947' data-formid='6' novalidate><div class='gf_invisible ginput_recaptchav3' data-sitekey='6LexPrUZAAAAAPW8VTEJVk9BzIqbuHLBoquYcEMt' data-tabindex='0'><input id=\"input_4a79835752d484794e1f1310d08e6042\" class=\"gfield_recaptcha_response\" type=\"hidden\" name=\"input_4a79835752d484794e1f1310d08e6042\" value=\"\"\/><\/div>\n                        <div class='gform-body gform_body'><ul id='gform_fields_6' class='gform_fields top_label form_sublabel_below description_below validation_below'><li id=\"field_6_7\" class=\"gfield gfield--type-honeypot gform_validation_container field_sublabel_below gfield--has-description field_description_below field_validation_below gfield_visibility_visible\"  ><label class='gfield_label gform-field-label' for='input_6_7'>Company<\/label><div class='ginput_container'><input name='input_7' id='input_6_7' type='text' value='' autocomplete='new-password'\/><\/div><div class='gfield_description' id='gfield_description_6_7'>This field is for validation purposes and should be left unchanged.<\/div><\/li><li id=\"field_6_1\" class=\"gfield gfield--type-text gfield--input-type-text gf_left_half field_sublabel_below gfield--no-description field_description_below field_validation_below gfield_visibility_visible\"  ><label class='gfield_label gform-field-label screen-reader-text' for='input_6_1'>First Name<\/label><div class='ginput_container ginput_container_text'><input name='input_1' id='input_6_1' type='text' value='' class='medium'    placeholder='First Name'  aria-invalid=\"false\"   \/><\/div><\/li><li id=\"field_6_2\" class=\"gfield gfield--type-text gfield--input-type-text gf_right_half field_sublabel_below gfield--no-description field_description_below field_validation_below gfield_visibility_visible\"  ><label class='gfield_label gform-field-label screen-reader-text' for='input_6_2'>Name<\/label><div class='ginput_container ginput_container_text'><input name='input_2' id='input_6_2' type='text' value='' class='medium'    placeholder='Name'  aria-invalid=\"false\"   \/><\/div><\/li><li id=\"field_6_3\" class=\"gfield gfield--type-phone gfield--input-type-phone gf_left_half field_sublabel_below gfield--no-description field_description_below field_validation_below gfield_visibility_visible\"  ><label class='gfield_label gform-field-label screen-reader-text' for='input_6_3'>Telephone<\/label><div class='ginput_container ginput_container_phone'><input name='input_3' id='input_6_3' type='tel' value='' class='medium'  placeholder='Telephone'  aria-invalid=\"false\"   \/><\/div><\/li><li id=\"field_6_4\" class=\"gfield gfield--type-email gfield--input-type-email gf_right_half gfield_contains_required field_sublabel_below gfield--no-description field_description_below field_validation_below gfield_visibility_visible\"  ><label class='gfield_label gform-field-label screen-reader-text' for='input_6_4'>Email *<span class=\"gfield_required\"><span class=\"gfield_required gfield_required_asterisk\">*<\/span><\/span><\/label><div class='ginput_container ginput_container_email'>\n                            <input name='input_4' id='input_6_4' type='email' value='' class='medium'   placeholder='Email *' aria-required=\"true\" aria-invalid=\"false\"  \/>\n                        <\/div><\/li><li id=\"field_6_5\" class=\"gfield gfield--type-textarea gfield--input-type-textarea field_sublabel_below gfield--no-description field_description_below field_validation_below gfield_visibility_visible\"  ><label class='gfield_label gform-field-label screen-reader-text' for='input_6_5'>Message<\/label><div class='ginput_container ginput_container_textarea'><textarea name='input_5' id='input_6_5' class='textarea large'    placeholder='Message'  aria-invalid=\"false\"   rows='10' cols='50'><\/textarea><\/div><\/li><li id=\"field_6_6\" class=\"gfield gfield--type-fileupload gfield--input-type-fileupload field_sublabel_below gfield--no-description field_description_below field_validation_below gfield_visibility_visible\"  ><label class='gfield_label gform-field-label screen-reader-text' for='input_6_6'><\/label><div class='ginput_container ginput_container_fileupload'><input type='hidden' name='MAX_FILE_SIZE' value='100663296' \/><input name='input_6' id='input_6_6' type='file' class='medium' aria-describedby=\"gfield_upload_rules_6_6\" onchange='javascript:gformValidateFileSize( this, 100663296 );'  \/><span class='gfield_description gform_fileupload_rules' id='gfield_upload_rules_6_6'>Accepted file types: pdf, docx, doc, Max. file size: 96 MB.<\/span><div class='gfield_description validation_message gfield_validation_message validation_message--hidden-on-empty' id='live_validation_message_6_6'><\/div> <\/div><\/li><\/ul><\/div>\n        <div class='gform-footer gform_footer top_label'> <input type='submit' id='gform_submit_button_6' class='gform_button button' onclick='gform.submission.handleButtonClick(this);' data-submission-type='submit' value='SUBMIT MY APPLICATION'  \/> \n            <input type='hidden' class='gform_hidden' name='gform_submission_method' data-js='gform_submission_method_6' value='postback' \/>\n            <input type='hidden' class='gform_hidden' name='gform_theme' data-js='gform_theme_6' id='gform_theme_6' value='legacy' \/>\n            <input type='hidden' class='gform_hidden' name='gform_style_settings' data-js='gform_style_settings_6' id='gform_style_settings_6' value='[]' \/>\n            <input type='hidden' class='gform_hidden' name='is_submit_6' value='1' \/>\n            <input type='hidden' class='gform_hidden' name='gform_submit' value='6' \/>\n            \n            <input type='hidden' class='gform_hidden' name='gform_unique_id' value='' \/>\n            <input type='hidden' class='gform_hidden' name='state_6' value='WyJbXSIsImY0ZjFkZDRjZmRhNmRkOThlZWVkOWM4NDdkZjA4YzRlIl0=' \/>\n            <input type='hidden' autocomplete='off' class='gform_hidden' name='gform_target_page_number_6' id='gform_target_page_number_6' value='0' \/>\n            <input type='hidden' autocomplete='off' class='gform_hidden' name='gform_source_page_number_6' id='gform_source_page_number_6' value='1' \/>\n            <input type='hidden' name='gform_field_values' value='' \/>\n            \n        <\/div>\n                        <\/form>\n                        <\/div><script>\ngform.initializeOnLoaded( function() {gformInitSpinner( 6, 'https:\/\/accesresidences.com\/wp-content\/plugins\/gravityforms\/images\/spinner.svg', true );jQuery('#gform_ajax_frame_6').on('load',function(){var contents = jQuery(this).contents().find('*').html();var is_postback = contents.indexOf('GF_AJAX_POSTBACK') >= 0;if(!is_postback){return;}var form_content = jQuery(this).contents().find('#gform_wrapper_6');var is_confirmation = jQuery(this).contents().find('#gform_confirmation_wrapper_6').length > 0;var is_redirect = contents.indexOf('gformRedirect(){') >= 0;var is_form = form_content.length > 0 && ! is_redirect && ! is_confirmation;var mt = parseInt(jQuery('html').css('margin-top'), 10) + parseInt(jQuery('body').css('margin-top'), 10) + 100;if(is_form){jQuery('#gform_wrapper_6').html(form_content.html());if(form_content.hasClass('gform_validation_error')){jQuery('#gform_wrapper_6').addClass('gform_validation_error');} else {jQuery('#gform_wrapper_6').removeClass('gform_validation_error');}setTimeout( function() { \/* delay the scroll by 50 milliseconds to fix a bug in chrome *\/  }, 50 );if(window['gformInitDatepicker']) {gformInitDatepicker();}if(window['gformInitPriceFields']) {gformInitPriceFields();}var current_page = jQuery('#gform_source_page_number_6').val();gformInitSpinner( 6, 'https:\/\/accesresidences.com\/wp-content\/plugins\/gravityforms\/images\/spinner.svg', true );jQuery(document).trigger('gform_page_loaded', [6, current_page]);window['gf_submitting_6'] = false;}else if(!is_redirect){var confirmation_content = jQuery(this).contents().find('.GF_AJAX_POSTBACK').html();if(!confirmation_content){confirmation_content = contents;}jQuery('#gform_wrapper_6').replaceWith(confirmation_content);jQuery(document).trigger('gform_confirmation_loaded', [6]);window['gf_submitting_6'] = false;wp.a11y.speak(jQuery('#gform_confirmation_message_6').text());}else{jQuery('#gform_6').append(contents);if(window['gformRedirect']) {gformRedirect();}}jQuery(document).trigger(\"gform_pre_post_render\", [{ formId: \"6\", currentPage: \"current_page\", abort: function() { this.preventDefault(); } }]);        if (event && event.defaultPrevented) {                return;        }        const gformWrapperDiv = document.getElementById( \"gform_wrapper_6\" );        if ( gformWrapperDiv ) {            const visibilitySpan = document.createElement( \"span\" );            visibilitySpan.id = \"gform_visibility_test_6\";            gformWrapperDiv.insertAdjacentElement( \"afterend\", visibilitySpan );        }        const visibilityTestDiv = document.getElementById( \"gform_visibility_test_6\" );        let postRenderFired = false;        function triggerPostRender() {            if ( postRenderFired ) {                return;            }            postRenderFired = true;            gform.core.triggerPostRenderEvents( 6, current_page );            if ( visibilityTestDiv ) {                visibilityTestDiv.parentNode.removeChild( visibilityTestDiv );            }        }        function debounce( func, wait, immediate ) {            var timeout;            return function() {                var context = this, args = arguments;                var later = function() {                    timeout = null;                    if ( !immediate ) func.apply( context, args );                };                var callNow = immediate && !timeout;                clearTimeout( timeout );                timeout = setTimeout( later, wait );                if ( callNow ) func.apply( context, args );            };        }        const debouncedTriggerPostRender = debounce( function() {            triggerPostRender();        }, 200 );        if ( visibilityTestDiv && visibilityTestDiv.offsetParent === null ) {            const observer = new MutationObserver( ( mutations ) => {                mutations.forEach( ( mutation ) => {                    if ( mutation.type === 'attributes' && visibilityTestDiv.offsetParent !== null ) {                        debouncedTriggerPostRender();                        observer.disconnect();                    }                });            });            observer.observe( document.body, {                attributes: true,                childList: false,                subtree: true,                attributeFilter: [ 'style', 'class' ],            });        } else {            triggerPostRender();        }    } );} );\n<\/script>\n<\/div>\n\t\t\t\t\t\t<\/div>\n\t\t\t\t<\/div>\n\t\t\t\t<\/div>\n\t\t\t\t<\/div>\n\t\t\t\t<\/div>\n\t\t\t\t<\/div>\n\t\t\t\t<\/div>\n\t\t","protected":false},"excerpt":{"rendered":"<p>Careers YOU WISH TO BE PART OF OUR TEAM ? Acc\u00e8s R\u00e9sidences has a team of passionate advisors who are dedicated to the well-being of our Seniors! As we are always searching for new advisors in different areas of Quebec, we invite you to fill out the form below and submit it along with your [&hellip;]<\/p>\n","protected":false},"author":8,"featured_media":0,"parent":0,"menu_order":24,"comment_status":"closed","ping_status":"closed","template":"","meta":{"_acf_changed":false,"footnotes":""},"categories":[],"tags":[],"class_list":["post-5947","page","type-page","status-publish","hentry"],"acf":[],"_links":{"self":[{"href":"https:\/\/accesresidences.com\/en\/wp-json\/wp\/v2\/pages\/5947","targetHints":{"allow":["GET"]}}],"collection":[{"href":"https:\/\/accesresidences.com\/en\/wp-json\/wp\/v2\/pages"}],"about":[{"href":"https:\/\/accesresidences.com\/en\/wp-json\/wp\/v2\/types\/page"}],"author":[{"embeddable":true,"href":"https:\/\/accesresidences.com\/en\/wp-json\/wp\/v2\/users\/8"}],"replies":[{"embeddable":true,"href":"https:\/\/accesresidences.com\/en\/wp-json\/wp\/v2\/comments?post=5947"}],"version-history":[{"count":26,"href":"https:\/\/accesresidences.com\/en\/wp-json\/wp\/v2\/pages\/5947\/revisions"}],"predecessor-version":[{"id":31591,"href":"https:\/\/accesresidences.com\/en\/wp-json\/wp\/v2\/pages\/5947\/revisions\/31591"}],"wp:attachment":[{"href":"https:\/\/accesresidences.com\/en\/wp-json\/wp\/v2\/media?parent=5947"}],"wp:term":[{"taxonomy":"category","embeddable":true,"href":"https:\/\/accesresidences.com\/en\/wp-json\/wp\/v2\/categories?post=5947"},{"taxonomy":"post_tag","embeddable":true,"href":"https:\/\/accesresidences.com\/en\/wp-json\/wp\/v2\/tags?post=5947"}],"curies":[{"name":"wp","href":"https:\/\/api.w.org\/{rel}","templated":true}]}}