{"id":5946,"date":"2016-05-13T22:18:21","date_gmt":"2016-05-13T21:18:21","guid":{"rendered":"https:\/\/accesresidences.com\/en\/nous-joindre\/"},"modified":"2026-01-21T10:11:54","modified_gmt":"2026-01-21T15:11:54","slug":"contact-us","status":"publish","type":"page","link":"https:\/\/accesresidences.com\/en\/contact-us\/","title":{"rendered":"Contact us"},"content":{"rendered":"\t\t<div data-elementor-type=\"wp-page\" data-elementor-id=\"5946\" class=\"elementor elementor-5946 elementor-1337\" data-elementor-post-type=\"page\">\n\t\t\t\t<div class=\"elementor-element elementor-element-be3bf87 e-con-full e-flex e-con e-parent\" data-id=\"be3bf87\" data-element_type=\"container\" data-settings=\"{&quot;background_background&quot;:&quot;classic&quot;}\">\n\t\t<div class=\"elementor-element elementor-element-090d85d e-con-full e-flex e-con e-child\" data-id=\"090d85d\" data-element_type=\"container\">\n\t\t<div class=\"elementor-element elementor-element-0438476 e-con-full e-flex e-con e-child\" data-id=\"0438476\" data-element_type=\"container\">\n\t\t\t\t<div class=\"elementor-element elementor-element-d1b881b elementor-invisible elementor-widget elementor-widget-heading\" data-id=\"d1b881b\" data-element_type=\"widget\" data-settings=\"{&quot;_animation&quot;:&quot;fadeInUp&quot;}\" data-widget_type=\"heading.default\">\n\t\t\t\t\t<h1 class=\"elementor-heading-title elementor-size-default\">To contact \n<strong>Acc\u00e8s R\u00e9sidences<\/strong>\nSenior Living Advisors for private residences in Quebec <\/h1>\t\t\t\t<\/div>\n\t\t\t\t<\/div>\n\t\t\t\t<\/div>\n\t\t<div class=\"elementor-element elementor-element-df57121 e-con-full elementor-hidden-mobile e-flex e-con e-child\" data-id=\"df57121\" data-element_type=\"container\" data-settings=\"{&quot;background_background&quot;:&quot;classic&quot;}\">\n\t\t\t\t<\/div>\n\t\t\t\t<\/div>\n\t\t<div class=\"elementor-element elementor-element-5887979 e-flex e-con-boxed e-con e-parent\" data-id=\"5887979\" data-element_type=\"container\">\n\t\t\t\t\t<div class=\"e-con-inner\">\n\t\t<div class=\"elementor-element elementor-element-7fe4aac e-con-full e-flex e-con e-child\" data-id=\"7fe4aac\" data-element_type=\"container\">\n\t\t\t\t<div class=\"elementor-element elementor-element-5203a4e elementor-widget elementor-widget-text-editor\" data-id=\"5203a4e\" data-element_type=\"widget\" data-widget_type=\"text-editor.default\">\n\t\t\t\t\t\t\t\t\t<p><strong>Fabienne Coullerez<\/strong><br \/>Copr\u00e9sidente<br \/>1 855-360-2100 ext : 201<br \/><a href=\"mailto:fcoullerez@accesresidences.com\">fcoullerez@accesresidences.com<\/a><\/p>\t\t\t\t\t\t\t\t<\/div>\n\t\t\t\t<\/div>\n\t\t<div class=\"elementor-element elementor-element-f22793b e-con-full e-flex e-con e-child\" data-id=\"f22793b\" data-element_type=\"container\">\n\t\t\t\t<div class=\"elementor-element elementor-element-ef6aca9 elementor-widget elementor-widget-text-editor\" data-id=\"ef6aca9\" data-element_type=\"widget\" data-widget_type=\"text-editor.default\">\n\t\t\t\t\t\t\t\t\t<p><strong>Accounting<\/strong><br \/>1-855-360-2100<br \/><a href=\"mailto:contact@accesresidences.com\">contact@accesresidences.com<\/a><\/p>\t\t\t\t\t\t\t\t<\/div>\n\t\t\t\t<\/div>\n\t\t<div class=\"elementor-element elementor-element-aaad876 e-con-full e-flex e-con e-child\" data-id=\"aaad876\" data-element_type=\"container\">\n\t\t\t\t<div class=\"elementor-element elementor-element-3c7e6cf elementor-widget elementor-widget-text-editor\" data-id=\"3c7e6cf\" data-element_type=\"widget\" data-widget_type=\"text-editor.default\">\n\t\t\t\t\t\t\t\t\t<p><strong>Our Address<\/strong><br \/>1980 rue Michelin<br \/>Laval, Qu\u00e9bec, H7L 5C2<\/p>\t\t\t\t\t\t\t\t<\/div>\n\t\t\t\t<\/div>\n\t\t\t\t\t<\/div>\n\t\t\t\t<\/div>\n\t\t<div class=\"elementor-element elementor-element-e978bc6 e-flex e-con-boxed e-con e-parent\" data-id=\"e978bc6\" data-element_type=\"container\">\n\t\t\t\t\t<div class=\"e-con-inner\">\n\t\t<div class=\"elementor-element elementor-element-1437123 e-con-full e-flex e-con e-child\" data-id=\"1437123\" data-element_type=\"container\">\n\t\t\t\t<div class=\"elementor-element elementor-element-ca459a6 elementor-view-stacked elementor-position-inline-start elementor-shape-circle elementor-mobile-position-block-start elementor-widget elementor-widget-icon-box\" data-id=\"ca459a6\" data-element_type=\"widget\" data-widget_type=\"icon-box.default\">\n\t\t\t\t\t\t\t<div class=\"elementor-icon-box-wrapper\">\n\n\t\t\t\t\t\t<div class=\"elementor-icon-box-icon\">\n\t\t\t\t<a href=\"tel:8553602100\" class=\"elementor-icon\" tabindex=\"-1\" aria-label=\"CALL US\">\n\t\t\t\t<svg aria-hidden=\"true\" class=\"e-font-icon-svg e-fas-phone-alt\" viewBox=\"0 0 512 512\" xmlns=\"http:\/\/www.w3.org\/2000\/svg\"><path d=\"M497.39 361.8l-112-48a24 24 0 0 0-28 6.9l-49.6 60.6A370.66 370.66 0 0 1 130.6 204.11l60.6-49.6a23.94 23.94 0 0 0 6.9-28l-48-112A24.16 24.16 0 0 0 122.6.61l-104 24A24 24 0 0 0 0 48c0 256.5 207.9 464 464 464a24 24 0 0 0 23.4-18.6l24-104a24.29 24.29 0 0 0-14.01-27.6z\"><\/path><\/svg>\t\t\t\t<\/a>\n\t\t\t<\/div>\n\t\t\t\n\t\t\t\t\t\t<div class=\"elementor-icon-box-content\">\n\n\t\t\t\t\t\t\t\t\t<h3 class=\"elementor-icon-box-title\">\n\t\t\t\t\t\t<a href=\"tel:8553602100\" >\n\t\t\t\t\t\t\tCALL US\t\t\t\t\t\t<\/a>\n\t\t\t\t\t<\/h3>\n\t\t\t\t\n\t\t\t\t\t\t\t\t\t<p class=\"elementor-icon-box-description\">\n\t\t\t\t\t\t1 855 360-2100\t\t\t\t\t<\/p>\n\t\t\t\t\n\t\t\t<\/div>\n\t\t\t\n\t\t<\/div>\n\t\t\t\t\t\t<\/div>\n\t\t\t\t<div class=\"elementor-element elementor-element-69ace36 elementor-view-stacked elementor-position-inline-start elementor-shape-circle elementor-mobile-position-block-start elementor-widget elementor-widget-icon-box\" data-id=\"69ace36\" data-element_type=\"widget\" data-widget_type=\"icon-box.default\">\n\t\t\t\t\t\t\t<div class=\"elementor-icon-box-wrapper\">\n\n\t\t\t\t\t\t<div class=\"elementor-icon-box-icon\">\n\t\t\t\t<a href=\"mailto:contact@accesresidences.com\" class=\"elementor-icon\" tabindex=\"-1\" aria-label=\"WRITE TO US\">\n\t\t\t\t<svg aria-hidden=\"true\" class=\"e-font-icon-svg e-far-envelope\" viewBox=\"0 0 512 512\" xmlns=\"http:\/\/www.w3.org\/2000\/svg\"><path d=\"M464 64H48C21.49 64 0 85.49 0 112v288c0 26.51 21.49 48 48 48h416c26.51 0 48-21.49 48-48V112c0-26.51-21.49-48-48-48zm0 48v40.805c-22.422 18.259-58.168 46.651-134.587 106.49-16.841 13.247-50.201 45.072-73.413 44.701-23.208.375-56.579-31.459-73.413-44.701C106.18 199.465 70.425 171.067 48 152.805V112h416zM48 400V214.398c22.914 18.251 55.409 43.862 104.938 82.646 21.857 17.205 60.134 55.186 103.062 54.955 42.717.231 80.509-37.199 103.053-54.947 49.528-38.783 82.032-64.401 104.947-82.653V400H48z\"><\/path><\/svg>\t\t\t\t<\/a>\n\t\t\t<\/div>\n\t\t\t\n\t\t\t\t\t\t<div class=\"elementor-icon-box-content\">\n\n\t\t\t\t\t\t\t\t\t<h3 class=\"elementor-icon-box-title\">\n\t\t\t\t\t\t<a href=\"mailto:contact@accesresidences.com\" >\n\t\t\t\t\t\t\tWRITE TO US\t\t\t\t\t\t<\/a>\n\t\t\t\t\t<\/h3>\n\t\t\t\t\n\t\t\t\t\t\t\t\t\t<p class=\"elementor-icon-box-description\">\n\t\t\t\t\t\tcontact@accesresidences.com\t\t\t\t\t<\/p>\n\t\t\t\t\n\t\t\t<\/div>\n\t\t\t\n\t\t<\/div>\n\t\t\t\t\t\t<\/div>\n\t\t\t\t<\/div>\n\t\t\t\t\t<\/div>\n\t\t\t\t<\/div>\n\t\t\t\t<\/div>\n\t\t","protected":false},"excerpt":{"rendered":"<p>To contact Acc\u00e8s R\u00e9sidences Senior Living Advisors for private residences in Quebec Fabienne Coullerez Copr\u00e9sidente 1 855-360-2100 ext : 201 fcoullerez@accesresidences.com Accounting 1-855-360-2100 contact@accesresidences.com Our Address 1980 rue Michelin Laval, Qu\u00e9bec, H7L 5C2 \u00a0 CALL US 1 855 360-2100 \u00a0 WRITE TO US contact@accesresidences.com<\/p>\n","protected":false},"author":8,"featured_media":0,"parent":0,"menu_order":25,"comment_status":"closed","ping_status":"closed","template":"","meta":{"_acf_changed":false,"footnotes":""},"categories":[],"tags":[],"class_list":["post-5946","page","type-page","status-publish","hentry"],"acf":[],"_links":{"self":[{"href":"https:\/\/accesresidences.com\/en\/wp-json\/wp\/v2\/pages\/5946","targetHints":{"allow":["GET"]}}],"collection":[{"href":"https:\/\/accesresidences.com\/en\/wp-json\/wp\/v2\/pages"}],"about":[{"href":"https:\/\/accesresidences.com\/en\/wp-json\/wp\/v2\/types\/page"}],"author":[{"embeddable":true,"href":"https:\/\/accesresidences.com\/en\/wp-json\/wp\/v2\/users\/8"}],"replies":[{"embeddable":true,"href":"https:\/\/accesresidences.com\/en\/wp-json\/wp\/v2\/comments?post=5946"}],"version-history":[{"count":41,"href":"https:\/\/accesresidences.com\/en\/wp-json\/wp\/v2\/pages\/5946\/revisions"}],"predecessor-version":[{"id":31877,"href":"https:\/\/accesresidences.com\/en\/wp-json\/wp\/v2\/pages\/5946\/revisions\/31877"}],"wp:attachment":[{"href":"https:\/\/accesresidences.com\/en\/wp-json\/wp\/v2\/media?parent=5946"}],"wp:term":[{"taxonomy":"category","embeddable":true,"href":"https:\/\/accesresidences.com\/en\/wp-json\/wp\/v2\/categories?post=5946"},{"taxonomy":"post_tag","embeddable":true,"href":"https:\/\/accesresidences.com\/en\/wp-json\/wp\/v2\/tags?post=5946"}],"curies":[{"name":"wp","href":"https:\/\/api.w.org\/{rel}","templated":true}]}}