{"id":30872,"date":"2021-09-20T15:58:39","date_gmt":"2021-09-20T19:58:39","guid":{"rendered":"https:\/\/accesresidences.com\/articles-et-nouvelles\/"},"modified":"2026-01-19T11:06:18","modified_gmt":"2026-01-19T16:06:18","slug":"articles-et-nouvelles","status":"publish","type":"page","link":"https:\/\/accesresidences.com\/en\/articles-et-nouvelles\/","title":{"rendered":"Blogue"},"content":{"rendered":"\t\t<div data-elementor-type=\"wp-page\" data-elementor-id=\"30872\" class=\"elementor elementor-30872 elementor-22124\" data-elementor-post-type=\"page\">\n\t\t\t\t<div class=\"elementor-element elementor-element-254a7df e-flex e-con-boxed e-con e-parent\" data-id=\"254a7df\" data-element_type=\"container\" data-settings=\"{&quot;background_background&quot;:&quot;gradient&quot;}\">\n\t\t\t\t\t<div class=\"e-con-inner\">\n\t\t\t\t<div class=\"elementor-element elementor-element-c7bdb07 elementor-widget elementor-widget-heading\" data-id=\"c7bdb07\" data-element_type=\"widget\" data-widget_type=\"heading.default\">\n\t\t\t\t\t<h1 class=\"elementor-heading-title elementor-size-default\">Blogue<\/h1>\t\t\t\t<\/div>\n\t\t\t\t\t<\/div>\n\t\t\t\t<\/div>\n\t\t<div class=\"elementor-element elementor-element-cfbd3b2 e-flex e-con-boxed e-con e-parent\" data-id=\"cfbd3b2\" data-element_type=\"container\">\n\t\t\t\t\t<div class=\"e-con-inner\">\n\t\t<div class=\"elementor-element elementor-element-47c56db e-con-full e-flex e-con e-child\" data-id=\"47c56db\" data-element_type=\"container\">\n\t\t<a class=\"eael-wrapper-link-7b64dbe --eael-wrapper-link-tag\" href=\"https:\/\/accesresidences.com\/articles-et-nouvelles\/style-de-vie\/\"><\/a><div data-eael-wrapper-link=\"eael-wrapper-link-7b64dbe\" class=\"elementor-element elementor-element-7b64dbe e-con-full c-pointer e-flex e-con e-child\" data-id=\"7b64dbe\" data-element_type=\"container\">\n\t\t<div class=\"elementor-element elementor-element-7cc4168 e-flex e-con-boxed e-con e-child\" data-id=\"7cc4168\" data-element_type=\"container\">\n\t\t\t\t\t<div class=\"e-con-inner\">\n\t\t\t\t<div class=\"elementor-element elementor-element-988494d elementor-widget elementor-widget-image\" data-id=\"988494d\" data-element_type=\"widget\" data-widget_type=\"image.default\">\n\t\t\t\t\t\t\t\t\t\t\t\t\t\t\t<img loading=\"lazy\" decoding=\"async\" width=\"800\" height=\"533\" src=\"https:\/\/accesresidences.com\/wp-content\/uploads\/2021\/09\/style-de-vie-personnes-agees.jpg\" class=\"attachment-large size-large wp-image-22128\" alt=\"Style de vie personnes ag\u00e9es\" \/>\t\t\t\t\t\t\t\t\t\t\t\t\t\t\t<\/div>\n\t\t\t\t\t<\/div>\n\t\t\t\t<\/div>\n\t\t<div class=\"elementor-element elementor-element-f89edf6 e-flex e-con-boxed e-con e-child\" data-id=\"f89edf6\" data-element_type=\"container\">\n\t\t\t\t\t<div class=\"e-con-inner\">\n\t\t\t\t<div class=\"elementor-element elementor-element-157fc4e elementor-widget elementor-widget-heading\" data-id=\"157fc4e\" data-element_type=\"widget\" data-widget_type=\"heading.default\">\n\t\t\t\t\t<h3 class=\"elementor-heading-title elementor-size-default\">Style de vie<\/h3>\t\t\t\t<\/div>\n\t\t\t\t<div class=\"elementor-element elementor-element-498e474 elementor-align-center voir-plus force-bottom elementor-widget elementor-widget-button\" data-id=\"498e474\" data-element_type=\"widget\" data-widget_type=\"button.default\">\n\t\t\t\t\t\t\t\t\t\t<a class=\"elementor-button elementor-size-sm\" role=\"button\">\n\t\t\t\t\t\t<span class=\"elementor-button-content-wrapper\">\n\t\t\t\t\t\t\t\t\t<span class=\"elementor-button-text\">En savoir plus<\/span>\n\t\t\t\t\t<\/span>\n\t\t\t\t\t<\/a>\n\t\t\t\t\t\t\t\t<\/div>\n\t\t\t\t\t<\/div>\n\t\t\t\t<\/div>\n\t\t\t\t<\/div>\n\t\t<a class=\"eael-wrapper-link-7792425 --eael-wrapper-link-tag\" href=\"https:\/\/accesresidences.com\/articles-et-nouvelles\/milieu-de-vie\/\"><\/a><div data-eael-wrapper-link=\"eael-wrapper-link-7792425\" class=\"elementor-element elementor-element-7792425 e-con-full c-pointer e-flex e-con e-child\" data-id=\"7792425\" data-element_type=\"container\">\n\t\t<div class=\"elementor-element elementor-element-7356149 e-flex e-con-boxed e-con e-child\" data-id=\"7356149\" data-element_type=\"container\">\n\t\t\t\t\t<div class=\"e-con-inner\">\n\t\t\t\t<div class=\"elementor-element elementor-element-c5391b8 elementor-widget elementor-widget-image\" data-id=\"c5391b8\" data-element_type=\"widget\" data-widget_type=\"image.default\">\n\t\t\t\t\t\t\t\t\t\t\t\t\t\t\t<img loading=\"lazy\" decoding=\"async\" width=\"800\" height=\"533\" src=\"https:\/\/accesresidences.com\/wp-content\/uploads\/2021\/09\/milieu-de-vie-personnes-agees.jpg\" class=\"attachment-large size-large wp-image-22136\" alt=\"milieu de vie pour personnes \u00e2g\u00e9es\" \/>\t\t\t\t\t\t\t\t\t\t\t\t\t\t\t<\/div>\n\t\t\t\t\t<\/div>\n\t\t\t\t<\/div>\n\t\t<div class=\"elementor-element elementor-element-23d5b12 e-flex e-con-boxed e-con e-child\" data-id=\"23d5b12\" data-element_type=\"container\">\n\t\t\t\t\t<div class=\"e-con-inner\">\n\t\t\t\t<div class=\"elementor-element elementor-element-df5e707 elementor-widget elementor-widget-heading\" data-id=\"df5e707\" data-element_type=\"widget\" data-widget_type=\"heading.default\">\n\t\t\t\t\t<h3 class=\"elementor-heading-title elementor-size-default\">Millieu de vie<\/h3>\t\t\t\t<\/div>\n\t\t\t\t<div class=\"elementor-element elementor-element-6565f73 elementor-align-center voir-plus force-bottom elementor-widget elementor-widget-button\" data-id=\"6565f73\" data-element_type=\"widget\" data-widget_type=\"button.default\">\n\t\t\t\t\t\t\t\t\t\t<a class=\"elementor-button elementor-size-sm\" role=\"button\">\n\t\t\t\t\t\t<span class=\"elementor-button-content-wrapper\">\n\t\t\t\t\t\t\t\t\t<span class=\"elementor-button-text\">En savoir plus<\/span>\n\t\t\t\t\t<\/span>\n\t\t\t\t\t<\/a>\n\t\t\t\t\t\t\t\t<\/div>\n\t\t\t\t\t<\/div>\n\t\t\t\t<\/div>\n\t\t\t\t<\/div>\n\t\t<a class=\"eael-wrapper-link-b4e8941 --eael-wrapper-link-tag\" href=\"https:\/\/accesresidences.com\/articles-et-nouvelles\/sante\/\"><\/a><div data-eael-wrapper-link=\"eael-wrapper-link-b4e8941\" class=\"elementor-element elementor-element-b4e8941 e-con-full c-pointer e-flex e-con e-child\" data-id=\"b4e8941\" data-element_type=\"container\">\n\t\t<div class=\"elementor-element elementor-element-ea3b6e7 e-flex e-con-boxed e-con e-child\" data-id=\"ea3b6e7\" data-element_type=\"container\">\n\t\t\t\t\t<div class=\"e-con-inner\">\n\t\t\t\t<div class=\"elementor-element elementor-element-e5311d7 elementor-widget elementor-widget-image\" data-id=\"e5311d7\" data-element_type=\"widget\" data-widget_type=\"image.default\">\n\t\t\t\t\t\t\t\t\t\t\t\t\t\t\t<img loading=\"lazy\" decoding=\"async\" width=\"800\" height=\"533\" src=\"https:\/\/accesresidences.com\/wp-content\/uploads\/2021\/09\/sante-personnes-agees.jpg\" class=\"attachment-large size-large wp-image-22138\" alt=\"sant\u00e9 pour personnes \u00e2g\u00e9es\" \/>\t\t\t\t\t\t\t\t\t\t\t\t\t\t\t<\/div>\n\t\t\t\t\t<\/div>\n\t\t\t\t<\/div>\n\t\t<div class=\"elementor-element elementor-element-e39095d e-flex e-con-boxed e-con e-child\" data-id=\"e39095d\" data-element_type=\"container\">\n\t\t\t\t\t<div class=\"e-con-inner\">\n\t\t\t\t<div class=\"elementor-element elementor-element-f7a801e elementor-widget elementor-widget-heading\" data-id=\"f7a801e\" data-element_type=\"widget\" data-widget_type=\"heading.default\">\n\t\t\t\t\t<h3 class=\"elementor-heading-title elementor-size-default\">Sant\u00e9<\/h3>\t\t\t\t<\/div>\n\t\t\t\t<div class=\"elementor-element elementor-element-f7b733c elementor-align-center voir-plus force-bottom elementor-widget elementor-widget-button\" data-id=\"f7b733c\" data-element_type=\"widget\" data-widget_type=\"button.default\">\n\t\t\t\t\t\t\t\t\t\t<a class=\"elementor-button elementor-size-sm\" role=\"button\">\n\t\t\t\t\t\t<span class=\"elementor-button-content-wrapper\">\n\t\t\t\t\t\t\t\t\t<span class=\"elementor-button-text\">En savoir plus<\/span>\n\t\t\t\t\t<\/span>\n\t\t\t\t\t<\/a>\n\t\t\t\t\t\t\t\t<\/div>\n\t\t\t\t\t<\/div>\n\t\t\t\t<\/div>\n\t\t\t\t<\/div>\n\t\t<a class=\"eael-wrapper-link-246cb64 --eael-wrapper-link-tag\" href=\"https:\/\/accesresidences.com\/articles-et-nouvelles\/droit-et-finances\/\"><\/a><div data-eael-wrapper-link=\"eael-wrapper-link-246cb64\" class=\"elementor-element elementor-element-246cb64 e-con-full c-pointer e-flex e-con e-child\" data-id=\"246cb64\" data-element_type=\"container\">\n\t\t<div class=\"elementor-element elementor-element-2177c9e e-flex e-con-boxed e-con e-child\" data-id=\"2177c9e\" data-element_type=\"container\">\n\t\t\t\t\t<div class=\"e-con-inner\">\n\t\t<a class=\"eael-wrapper-link-ec0d2fd --eael-wrapper-link-tag\" href=\"https:\/\/accesresidences.com\/articles-et-nouvelles\/droit-et-finances\/\"><\/a>\t\t<div data-eael-wrapper-link=\"eael-wrapper-link-ec0d2fd\" class=\"elementor-element elementor-element-ec0d2fd elementor-widget elementor-widget-image\" data-id=\"ec0d2fd\" data-element_type=\"widget\" data-widget_type=\"image.default\">\n\t\t\t\t\t\t\t\t\t\t\t\t\t\t\t<img loading=\"lazy\" decoding=\"async\" width=\"1152\" height=\"1152\" src=\"https:\/\/accesresidences.com\/wp-content\/uploads\/2025\/12\/droits-finances-personnes-agees.jpg\" class=\"attachment-large size-large wp-image-29708\" alt=\"\">\t\t\t\t\t\t\t\t\t\t\t\t\t\t\t<\/div>\n\t\t\t\t\t<\/div>\n\t\t\t\t<\/div>\n\t\t<div class=\"elementor-element elementor-element-f422fe7 e-flex e-con-boxed e-con e-child\" data-id=\"f422fe7\" data-element_type=\"container\">\n\t\t\t\t\t<div class=\"e-con-inner\">\n\t\t\t\t<div class=\"elementor-element elementor-element-69864ce elementor-widget elementor-widget-heading\" data-id=\"69864ce\" data-element_type=\"widget\" data-widget_type=\"heading.default\">\n\t\t\t\t\t<h3 class=\"elementor-heading-title elementor-size-default\">Droit et finance<\/h3>\t\t\t\t<\/div>\n\t\t\t\t<div class=\"elementor-element elementor-element-95b4cc1 elementor-align-center voir-plus force-bottom elementor-widget elementor-widget-button\" data-id=\"95b4cc1\" data-element_type=\"widget\" data-widget_type=\"button.default\">\n\t\t\t\t\t\t\t\t\t\t<a class=\"elementor-button elementor-size-sm\" role=\"button\">\n\t\t\t\t\t\t<span class=\"elementor-button-content-wrapper\">\n\t\t\t\t\t\t\t\t\t<span class=\"elementor-button-text\">En savoir plus<\/span>\n\t\t\t\t\t<\/span>\n\t\t\t\t\t<\/a>\n\t\t\t\t\t\t\t\t<\/div>\n\t\t\t\t\t<\/div>\n\t\t\t\t<\/div>\n\t\t\t\t<\/div>\n\t\t\t\t<\/div>\n\t\t\t\t\t<\/div>\n\t\t\t\t<\/div>\n\t\t\t\t<\/div>\n\t\t","protected":false},"excerpt":{"rendered":"<p>Style de vie En savoir plus Millieu de vie En savoir plus Sant\u00e9 En savoir plus Droit et finance En savoir plus<\/p>\n","protected":false},"author":21,"featured_media":0,"parent":0,"menu_order":0,"comment_status":"closed","ping_status":"closed","template":"","meta":{"_acf_changed":false,"footnotes":""},"categories":[],"tags":[],"class_list":["post-30872","page","type-page","status-publish","hentry"],"acf":[],"_links":{"self":[{"href":"https:\/\/accesresidences.com\/en\/wp-json\/wp\/v2\/pages\/30872","targetHints":{"allow":["GET"]}}],"collection":[{"href":"https:\/\/accesresidences.com\/en\/wp-json\/wp\/v2\/pages"}],"about":[{"href":"https:\/\/accesresidences.com\/en\/wp-json\/wp\/v2\/types\/page"}],"author":[{"embeddable":true,"href":"https:\/\/accesresidences.com\/en\/wp-json\/wp\/v2\/users\/21"}],"replies":[{"embeddable":true,"href":"https:\/\/accesresidences.com\/en\/wp-json\/wp\/v2\/comments?post=30872"}],"version-history":[{"count":7,"href":"https:\/\/accesresidences.com\/en\/wp-json\/wp\/v2\/pages\/30872\/revisions"}],"predecessor-version":[{"id":31774,"href":"https:\/\/accesresidences.com\/en\/wp-json\/wp\/v2\/pages\/30872\/revisions\/31774"}],"wp:attachment":[{"href":"https:\/\/accesresidences.com\/en\/wp-json\/wp\/v2\/media?parent=30872"}],"wp:term":[{"taxonomy":"category","embeddable":true,"href":"https:\/\/accesresidences.com\/en\/wp-json\/wp\/v2\/categories?post=30872"},{"taxonomy":"post_tag","embeddable":true,"href":"https:\/\/accesresidences.com\/en\/wp-json\/wp\/v2\/tags?post=30872"}],"curies":[{"name":"wp","href":"https:\/\/api.w.org\/{rel}","templated":true}]}}